{"id":12,"date":"2018-07-04T02:46:17","date_gmt":"2018-07-04T02:46:17","guid":{"rendered":"http:\/\/gdnconference.org\/gdn2021\/?page_id=12"},"modified":"2025-12-18T15:35:39","modified_gmt":"2025-12-18T15:35:39","slug":"committees","status":"publish","type":"page","link":"https:\/\/gdnconference.org\/gdn2026\/committees\/","title":{"rendered":"Committees"},"content":{"rendered":"\t\t<div data-elementor-type=\"wp-post\" data-elementor-id=\"12\" class=\"elementor elementor-12\">\n\t\t\t\t\t\t<section class=\"elementor-section elementor-top-section elementor-element elementor-element-220efd7 elementor-section-boxed elementor-section-height-default elementor-section-height-default\" data-id=\"220efd7\" data-element_type=\"section\" data-e-type=\"section\">\n\t\t\t\t\t\t<div class=\"elementor-container elementor-column-gap-default\">\n\t\t\t\t\t<div class=\"elementor-column elementor-col-100 elementor-top-column elementor-element elementor-element-fd6e21a\" data-id=\"fd6e21a\" data-element_type=\"column\" data-e-type=\"column\">\n\t\t\t<div class=\"elementor-widget-wrap elementor-element-populated\">\n\t\t\t\t\t\t<div class=\"elementor-element elementor-element-60f3a8d elementor-widget__width-initial elementor-widget elementor-widget-text-editor\" data-id=\"60f3a8d\" data-element_type=\"widget\" data-e-type=\"widget\" data-widget_type=\"text-editor.default\">\n\t\t\t\t<div class=\"elementor-widget-container\">\n\t\t\t\t\t\t\t\t\t<div><div data-elementor-type=\"wp-post\" data-elementor-id=\"12\"><section data-id=\"61c128e\" data-element_type=\"section\"><div><div data-id=\"793f40a\" data-element_type=\"column\"><div><div data-id=\"acf46ca\" data-element_type=\"widget\" data-widget_type=\"text-editor.default\"><div><p><b><u>Honorary Chairs<\/u><\/b><\/p><p>Liping Fang,\u00a0Toronto Metropolitan University, Canada<br \/>Pascale Zarat\u00e9, Toulouse Capitole University, France<\/p><p><b><u>General Chairs<\/u><\/b><\/p><p>Tomasz Wachowicz<span lang=\"PT-BR\">, University of Economics in Katowice, Poland<br \/>Danielle Costa Morais, Federal University of Pernambuco, Brazil<\/span><\/p><p><b><u>Program Chairs<\/u><\/b><\/p><p>Marek Szopa<span lang=\"PT-BR\">, University of Economics in Katowice, Poland<\/span><br \/>Ginger Ke, Memorial University of Newfoundland, Canada<\/p><p><span style=\"text-decoration: underline;\"><strong>Program Committee<br \/><\/strong><\/span>(continuously updated)<\/p><section class=\"elementor-section elementor-top-section elementor-element elementor-element-31ca5dd elementor-section-boxed elementor-section-height-default elementor-section-height-default\" data-id=\"31ca5dd\" data-element_type=\"section\"><div class=\"elementor-container elementor-column-gap-default\"><div class=\"elementor-column elementor-col-50 elementor-top-column elementor-element elementor-element-9c40b3a\" data-id=\"9c40b3a\" data-element_type=\"column\"><div class=\"elementor-widget-wrap elementor-element-populated\"><div class=\"elementor-element elementor-element-82789c5 elementor-widget elementor-widget-text-editor\" data-id=\"82789c5\" data-element_type=\"widget\" data-widget_type=\"text-editor.default\"><div class=\"elementor-widget-container\"><p>Fran Ackermann<br \/>Tung X. Bui<br \/>GJ de Vreede<br \/>Colin Eden<br \/>Liping Fang<br \/>Alberto Franco<br \/>Dorota G\u00f3recka<br \/>Shawei (David) He<br \/>Bogumi\u0142 Kami\u0144ski<br \/>Ginger Ke<br \/>Kevin Li<br \/>Nikolaos Matsatsinis<br \/>Jos\u00e9 Mar\u00eda Moreno-Jim\u00e9nez<br \/>Ewa Roszkowska<br \/>Katia Sycara<br \/>Przemyslaw Szufel<br \/>Rudolf Vetschera<br \/>Shikui Wu<br \/>Bo Yu<br \/>Pascale Zarat\u00e9<br \/>Shinan Zhao<br \/><br \/><\/p><\/div><\/div><\/div><\/div><div class=\"elementor-column elementor-col-50 elementor-top-column elementor-element elementor-element-082362a\" data-id=\"082362a\" data-element_type=\"column\"><div class=\"elementor-widget-wrap elementor-element-populated\"><div class=\"elementor-element elementor-element-c191e2c elementor-widget elementor-widget-text-editor\" data-id=\"c191e2c\" data-element_type=\"widget\" data-widget_type=\"text-editor.default\"><div class=\"elementor-widget-container\"><p>Fuad Aleskerov<br \/>Danielle Costa Morais<br \/>Luis Dias<br \/>Mar\u00eda Teresa Escobar<br \/>Michael Filzmoser<br \/>Eduarda Frej<br \/>Raimo H\u00e4m\u00e4l\u00e4inen<br \/>Masahide Horita<br \/>Muhammed-Fatih Kaya<br \/>Sabine Koeszegi<br \/>Carolina Lino Martins<br \/>Maisa Mendon\u00e7a Silva<br \/>Hannu Nurmi<br \/>Mareike Schoop<br \/>Tomasz Szapiro<br \/>Adiel Teixera de Almeida<br \/>Tomasz Wachowicz<br \/>Haiyan Xu<br \/>Yufei Yuan<br \/>Zhen Zhang<br \/><br \/><\/p><\/div><\/div><\/div><\/div><\/div><\/section><\/div><\/div><div data-id=\"acf46ca\" data-element_type=\"widget\" data-widget_type=\"text-editor.default\"><div><p><span style=\"text-decoration: underline;\"><strong>Local Program and Organizing Committee<\/strong><\/span><\/p><p style=\"margin-bottom: 1rem;\">Tomasz Wachowicz<br \/>Marek Szopa<br \/>Maciej Nowak<br \/>Tadeusz Trzaskalik<br \/>Ewa Michalska<br \/>Jerzy Michnik<br \/>Krzysztof Targiel<br \/>Renata Dudzi\u0144ska-Bary\u0142a<br \/>Anna Gorczyca-Goraj<br \/>Krzysztof Grzanka<br \/>S\u0142awomir Jarek<\/p><\/div><\/div><\/div><\/div><\/div><\/section><\/div><\/div>\t\t\t\t\t\t\t\t<\/div>\n\t\t\t\t<\/div>\n\t\t\t\t<section class=\"elementor-section elementor-inner-section elementor-element elementor-element-6e8d3e9 elementor-section-boxed elementor-section-height-default elementor-section-height-default\" data-id=\"6e8d3e9\" data-element_type=\"section\" data-e-type=\"section\">\n\t\t\t\t\t\t<div class=\"elementor-container elementor-column-gap-default\">\n\t\t\t\t\t<div class=\"elementor-column elementor-col-50 elementor-inner-column elementor-element elementor-element-1e70064\" data-id=\"1e70064\" data-element_type=\"column\" data-e-type=\"column\">\n\t\t\t<div class=\"elementor-widget-wrap\">\n\t\t\t\t\t\t\t<\/div>\n\t\t<\/div>\n\t\t\t\t<div class=\"elementor-column elementor-col-50 elementor-inner-column elementor-element elementor-element-5530ace\" data-id=\"5530ace\" data-element_type=\"column\" data-e-type=\"column\">\n\t\t\t<div class=\"elementor-widget-wrap\">\n\t\t\t\t\t\t\t<\/div>\n\t\t<\/div>\n\t\t\t\t\t<\/div>\n\t\t<\/section>\n\t\t\t\t\t<\/div>\n\t\t<\/div>\n\t\t\t\t\t<\/div>\n\t\t<\/section>\n\t\t\t\t<\/div>\n\t\t","protected":false},"excerpt":{"rendered":"<p>Honorary Chairs Liping Fang,\u00a0Toronto Metropolitan University, CanadaPascale Zarat\u00e9, Toulouse Capitole University, France General Chairs Tomasz Wachowicz, University of Economics in Katowice, PolandDanielle Costa Morais, Federal University of Pernambuco, Brazil Program Chairs Marek Szopa, University of Economics in Katowice, PolandGinger Ke, Memorial University of Newfoundland, Canada Program Committee(continuously updated) Fran AckermannTung X. BuiGJ de VreedeColin EdenLiping [&hellip;]<\/p>\n","protected":false},"author":1,"featured_media":0,"parent":0,"menu_order":0,"comment_status":"closed","ping_status":"closed","template":"","meta":{"footnotes":""},"class_list":["post-12","page","type-page","status-publish","hentry"],"_links":{"self":[{"href":"https:\/\/gdnconference.org\/gdn2026\/wp-json\/wp\/v2\/pages\/12","targetHints":{"allow":["GET"]}}],"collection":[{"href":"https:\/\/gdnconference.org\/gdn2026\/wp-json\/wp\/v2\/pages"}],"about":[{"href":"https:\/\/gdnconference.org\/gdn2026\/wp-json\/wp\/v2\/types\/page"}],"author":[{"embeddable":true,"href":"https:\/\/gdnconference.org\/gdn2026\/wp-json\/wp\/v2\/users\/1"}],"replies":[{"embeddable":true,"href":"https:\/\/gdnconference.org\/gdn2026\/wp-json\/wp\/v2\/comments?post=12"}],"version-history":[{"count":98,"href":"https:\/\/gdnconference.org\/gdn2026\/wp-json\/wp\/v2\/pages\/12\/revisions"}],"predecessor-version":[{"id":2168,"href":"https:\/\/gdnconference.org\/gdn2026\/wp-json\/wp\/v2\/pages\/12\/revisions\/2168"}],"wp:attachment":[{"href":"https:\/\/gdnconference.org\/gdn2026\/wp-json\/wp\/v2\/media?parent=12"}],"curies":[{"name":"wp","href":"https:\/\/api.w.org\/{rel}","templated":true}]}}