{"id":1077,"date":"2024-10-21T10:22:27","date_gmt":"2024-10-21T10:22:27","guid":{"rendered":"https:\/\/gdnconference.org\/gdn2025\/?page_id=1077"},"modified":"2025-12-22T15:33:03","modified_gmt":"2025-12-22T15:33:03","slug":"venue","status":"publish","type":"page","link":"https:\/\/gdnconference.org\/gdn2026\/venue\/","title":{"rendered":"Venue"},"content":{"rendered":"\t\t<div data-elementor-type=\"wp-page\" data-elementor-id=\"1077\" class=\"elementor elementor-1077\">\n\t\t\t\t\t\t<section class=\"elementor-section elementor-top-section elementor-element elementor-element-4fc425e0 elementor-section-boxed elementor-section-height-default elementor-section-height-default\" data-id=\"4fc425e0\" data-element_type=\"section\" data-e-type=\"section\">\n\t\t\t\t\t\t<div class=\"elementor-container elementor-column-gap-default\">\n\t\t\t\t\t<div class=\"elementor-column elementor-col-100 elementor-top-column elementor-element elementor-element-1d590ecb\" data-id=\"1d590ecb\" data-element_type=\"column\" data-e-type=\"column\">\n\t\t\t<div class=\"elementor-widget-wrap elementor-element-populated\">\n\t\t\t\t\t\t<div class=\"elementor-element elementor-element-674b81c2 elementor-widget elementor-widget-text-editor\" data-id=\"674b81c2\" data-element_type=\"widget\" data-e-type=\"widget\" data-widget_type=\"text-editor.default\">\n\t\t\t\t<div class=\"elementor-widget-container\">\n\t\t\t\t\t\t\t\t\t<p><img decoding=\"async\" src=\"http:\/\/gdnconference.org\/gdn2026\/wp-content\/uploads\/2025\/09\/UE1-kampus-1024x768.jpg\" alt=\"UEKat, Bogucicka Campus\" width=\"305\" align=right style=\"margin: 0 0 10px 10px\" \/>The GDN 2026 conference will be held at the <a href=\"https:\/\/www.ue.katowice.pl\/en.html\">University of Economics in Katowice (UEKat)<\/a>, Poland, at the Bogucicka Campus,&nbsp;the University\u2019s main academic hub located just east of Katowice&#8217;s vibrant city center.<\/p>\n<ul style=\"padding-left: 1.2rem; \/* Odst\u0119p mi\u0119dzy list\u0105 a tekstem powy\u017cej\/poni\u017cej *\/ margin-top: 10px; margin-bottom: 10px; \/* Standardowe kropki *\/ list-style-type: disc;\">\n<li><b>Location:<\/b> The campus is situated in the Zawodzie district (ul. Bogucicka 5), within walking distance of the Silesian Culture Zone<\/b> (home to the <a href=\"https:\/\/nospr.org.pl\/en\">NOSPR<\/a> concert hall, the <a href=\"https:\/\/muzeumslaskie.pl\/\">Silesian Museum<\/a>, and the <a href=\"https:\/\/www.spodekkatowice.pl\/en\/\">Spodek<\/a> arena).\n<\/li>\n<li>\n<b>Facilities:<\/b> The campus features a blend of historic architecture and modern infrastructure. The sessions will primarily be held in the <a href=\"https:\/\/www.ue.katowice.pl\/en\/campus\/buildings\/cnti.html\">Advanced Information Technology Center (CNTI)<\/a> \u2013 a state-of-the-art facility equipped with high-tech lecture halls, collaborative spaces, and advanced multimedia systems designed for international academic exchanges.<\/p>\n<\/li>\n<li>\n<p data-path-to-node=\"7,2,0\"><b data-path-to-node=\"7,2,0\" data-index-in-node=\"0\">Accessibility:<\/b> The campus is well-connected by public transport operated by <a href=\"https:\/\/transportgzm.pl\/\">Transport GZM<\/a>, offering quick access to the main railway station, Katowice Main Square (see map below) and a wide range of hotels and restaurants.<\/p>\n<\/li>\n<\/ul>\n<div style=\"justify-content: enter; width: 90%; margin: 0 auto\"><iframe src=\"https:\/\/www.google.com\/maps\/embed?pb=!1m24!1m12!1m3!1d12487.79907476132!2d19.02312090190056!3d50.26390334630993!2m3!1f0!2f0!3f0!3m2!1i1024!2i768!4f13.1!4m9!3e3!4m3!3m2!1d50.259661699999995!2d19.0223296!4m3!3m2!1d50.2604068!2d19.045465!5e0!3m2!1spl!2spl!4v1766416535663!5m2!1spl!2spl\" width=\"600\" height=\"450\" style=\"border:0\"\" allowfullscreen=\"\" loading=\"lazy\" referrerpolicy=\"no-referrer-when-downgrade\"><\/iframe><\/div>\n<br \/>\n<p>See UEkat promotional movies:<\/p>\n<iframe width=\"560\" height=\"315\" src=\"https:\/\/www.youtube.com\/embed\/MWsgHmcDoJs?si=AdOwXtKZ5TOQ8I_m\" title=\"YouTube video player\" frameborder=\"0\" allow=\"accelerometer; autoplay; clipboard-write; encrypted-media; gyroscope; picture-in-picture; web-share\" referrerpolicy=\"strict-origin-when-cross-origin\" allowfullscreen><\/iframe>\n<p> <\/p>\n<iframe width=\"560\" height=\"315\" src=\"https:\/\/www.youtube.com\/embed\/aduAXvDP4Ko?si=UbBtajA3an9uxGU-\" title=\"YouTube video player\" frameborder=\"0\" allow=\"accelerometer; autoplay; clipboard-write; encrypted-media; gyroscope; picture-in-picture; web-share\" referrerpolicy=\"strict-origin-when-cross-origin\" allowfullscreen><\/iframe>\t\t\t\t\t\t\t\t<\/div>\n\t\t\t\t<\/div>\n\t\t\t\t\t<\/div>\n\t\t<\/div>\n\t\t\t\t\t<\/div>\n\t\t<\/section>\n\t\t\t\t<\/div>\n\t\t","protected":false},"excerpt":{"rendered":"<p>The GDN 2026 conference will be held at the University of Economics in Katowice (UEKat), Poland, at the Bogucicka Campus,&nbsp;the University\u2019s main academic hub located just east of Katowice&#8217;s vibrant city center. Location: The campus is situated in the Zawodzie district (ul. Bogucicka 5), within walking distance of the Silesian Culture Zone (home to the [&hellip;]<\/p>\n","protected":false},"author":123457,"featured_media":0,"parent":0,"menu_order":0,"comment_status":"closed","ping_status":"closed","template":"","meta":{"footnotes":""},"class_list":["post-1077","page","type-page","status-publish","hentry"],"_links":{"self":[{"href":"https:\/\/gdnconference.org\/gdn2026\/wp-json\/wp\/v2\/pages\/1077","targetHints":{"allow":["GET"]}}],"collection":[{"href":"https:\/\/gdnconference.org\/gdn2026\/wp-json\/wp\/v2\/pages"}],"about":[{"href":"https:\/\/gdnconference.org\/gdn2026\/wp-json\/wp\/v2\/types\/page"}],"author":[{"embeddable":true,"href":"https:\/\/gdnconference.org\/gdn2026\/wp-json\/wp\/v2\/users\/123457"}],"replies":[{"embeddable":true,"href":"https:\/\/gdnconference.org\/gdn2026\/wp-json\/wp\/v2\/comments?post=1077"}],"version-history":[{"count":28,"href":"https:\/\/gdnconference.org\/gdn2026\/wp-json\/wp\/v2\/pages\/1077\/revisions"}],"predecessor-version":[{"id":2083,"href":"https:\/\/gdnconference.org\/gdn2026\/wp-json\/wp\/v2\/pages\/1077\/revisions\/2083"}],"wp:attachment":[{"href":"https:\/\/gdnconference.org\/gdn2026\/wp-json\/wp\/v2\/media?parent=1077"}],"curies":[{"name":"wp","href":"https:\/\/api.w.org\/{rel}","templated":true}]}}