{"id":12,"date":"2018-07-04T02:46:17","date_gmt":"2018-07-04T02:46:17","guid":{"rendered":"http:\/\/gdnconference.org\/gdn2021\/?page_id=12"},"modified":"2023-05-30T03:06:34","modified_gmt":"2023-05-30T03:06:34","slug":"committees","status":"publish","type":"page","link":"https:\/\/gdnconference.org\/gdn2023\/committees\/","title":{"rendered":"Committees"},"content":{"rendered":"\t\t<div data-elementor-type=\"wp-post\" data-elementor-id=\"12\" class=\"elementor elementor-12\">\n\t\t\t\t\t\t<section class=\"elementor-section elementor-top-section elementor-element elementor-element-6a84d39c elementor-section-boxed elementor-section-height-default elementor-section-height-default\" data-id=\"6a84d39c\" data-element_type=\"section\" data-e-type=\"section\">\n\t\t\t\t\t\t<div class=\"elementor-container elementor-column-gap-default\">\n\t\t\t\t\t<div class=\"elementor-column elementor-col-100 elementor-top-column elementor-element elementor-element-4392df2a\" data-id=\"4392df2a\" data-element_type=\"column\" data-e-type=\"column\">\n\t\t\t<div class=\"elementor-widget-wrap elementor-element-populated\">\n\t\t\t\t\t\t<div class=\"elementor-element elementor-element-35890678 elementor-widget elementor-widget-text-editor\" data-id=\"35890678\" data-element_type=\"widget\" data-e-type=\"widget\" data-widget_type=\"text-editor.default\">\n\t\t\t\t<div class=\"elementor-widget-container\">\n\t\t\t\t\t\t\t\t\t<p><span style=\"text-decoration: underline;\"><strong>Honorary\u00a0 Chair<\/strong><\/span><br \/>Rudolf Vetschera, University of Vienna<\/p><p><span style=\"text-decoration: underline;\"><strong>General Chairs<\/strong><\/span><br \/>Masahide Horita, The University of Tokyo<br \/>Liping Fang, Toronto Metropolitan University<\/p><p><span style=\"text-decoration: underline;\"><strong>Program Chairs<\/strong><\/span><br \/>Yu Maemura, The University of Tokyo<br \/>Pascale Zarate, Universit\u00e9 Toulouse 1 Capitole<\/p><p><span style=\"text-decoration: underline;\"><strong>Program Committee<\/strong><\/span><\/p><ul><li>Adiel Teixeira de Almeida,\u00a0 Federal University of Pernambuco<\/li><li>Amer Obeidi, University of Waterloo<\/li><li><div>Bo Yu, Dalhousie University<\/div><\/li><li><div><div>Bogumi\u0142 Kami\u0144ski, Warsaw School of Economics<\/div><\/div><\/li><li><div><div>Danielle Costa Morais, Universidade Federal de Pernambuco<\/div><\/div><\/li><li>Ewa Roszkowska, Bialystok University of Technology<\/li><li>Fran Ackermann, Curtin University<\/li><li>Fuad Aleskerov, HSE University<\/li><li>Ginger Ke, Memorial University of Newfoundland<\/li><li>GJ de Vreede, University of South Florida<\/li><li>Haiyan Xu, University of Aeronautics and Astronautics<\/li><li>Hannu Nurmi, University of Turku<\/li><li>Jing Ma, Xi&#8217;an Jiaotong University<\/li><li>John Zeleznikow, La Trobe University<\/li><li>Jos\u00e9 Mar\u00eda MORENO-JIM\u00c9NEZ, University of Zaragoza<\/li><li>Keith Hipel,\u00a0 University of Waterloo<\/li><li>Kevin Li, University of Windsor<\/li><li>Liping Fang, Toronto Metropolitan University<\/li><li>Luis Dias, University of Coimbra<\/li><li>Marc Kilgour, Wilfrid Laurier University<\/li><li>Masahide Horita, The University of Tokyo<\/li><li>Melvin F. Shakun,\u00a0 New York University<\/li><li>Pascale Zarate, Universit\u00e9 Toulouse 1 Capitole<\/li><li>Przemyslaw Szufel, Warsaw School of Economics<\/li><li>Raimo Hamalainen,\u00a0 Aalto University<\/li><li>ShiKui Wu, Lakehead University<\/li><li>Tomasz Szapiro, Warsaw School of Economics<\/li><li>Tomasz Wachowicz, University of Economics in Katowice<\/li><li>Tung X. Bui, University of Hawai&#8217;i at Manoa<\/li><li>Yu Maemura, The University of Tokyo<\/li><li>Yufei Yuan, McMaster University<\/li><\/ul><div><span style=\"text-decoration: underline;\"><strong>Local Organizing Committee<\/strong><\/span><\/div><div>Chair:\u00a0 \u00a0Takahiro Suzuki, The University of Tokyo<\/div><div style=\"padding-left: 40px;\">\u00a0 \u00a0 Madoka Chosokabe, Tottori University<br \/><span style=\"color: var( --e-global-color-text ); font-family: var( --e-global-typography-text-font-family ), Sans-serif; font-weight: var( --e-global-typography-text-font-weight );\">\u00a0 \u00a0 Masahide Horita, The University of Tokyo<\/span><br \/><span style=\"color: var( --e-global-color-text ); font-family: var( --e-global-typography-text-font-family ), Sans-serif; font-weight: var( --e-global-typography-text-font-weight );\">\u00a0 \u00a0 Yu Maemura, The University of Tokyo<\/span><br \/><span style=\"color: var( --e-global-color-text ); font-family: var( --e-global-typography-text-font-family ), Sans-serif; font-weight: var( --e-global-typography-text-font-weight );\">\u00a0 \u00a0 Muhammad Tajammal Khan, The University of Tokyo<\/span><\/div><div>\u00a0 \u00a0 \u00a0 \u00a0 \u00a0 \u00a0 \u00a0 Siwei Zhang, The University of Tokyo<\/div><div>\u00a0 \u00a0 \u00a0 \u00a0 \u00a0 \u00a0 \u00a0 Yuta Masunaga, The University of Tokyo<\/div><div>\u00a0 \u00a0 \u00a0 \u00a0 \u00a0 \u00a0 \u00a0 Hibiki Takuma, The University of Tokyo<\/div><div>\u00a0 \u00a0 \u00a0 \u00a0 \u00a0 \u00a0 \u00a0 Jianan Chen, The University of Tokyo<\/div><div>\u00a0<\/div><div>For any questions, please contact us at the email below:<br \/><a class=\"c-link\" tabindex=\"-1\" href=\"mailto:gdn2023local-group@g.ecc.u-tokyo.ac.jp\" target=\"_blank\" rel=\"noopener noreferrer\" data-stringify-link=\"mailto:gdn2023local-group@g.ecc.u-tokyo.ac.jp\" data-sk=\"tooltip_parent\" aria-haspopup=\"menu\" aria-expanded=\"false\" data-remove-tab-index=\"true\">gdn2023local-group@g.ecc.u-tokyo.ac.jp<\/a>\u00a0[About the conference organization]<br \/><a class=\"c-link\" tabindex=\"-1\" href=\"mailto:gdn2023@gdnconference.org\" target=\"_blank\" rel=\"noopener noreferrer\" data-stringify-link=\"mailto:gdn2023@gdnconference.org\" data-sk=\"tooltip_parent\" aria-haspopup=\"menu\" aria-expanded=\"false\" data-remove-tab-index=\"true\">gdn2023@gdnconference.org<\/a>\u00a0[About the paper submission]<\/div>\t\t\t\t\t\t\t\t<\/div>\n\t\t\t\t<\/div>\n\t\t\t\t\t<\/div>\n\t\t<\/div>\n\t\t\t\t\t<\/div>\n\t\t<\/section>\n\t\t\t\t<\/div>\n\t\t","protected":false},"excerpt":{"rendered":"<p>Honorary\u00a0 ChairRudolf Vetschera, University of Vienna General ChairsMasahide Horita, The University of TokyoLiping Fang, Toronto Metropolitan University Program ChairsYu Maemura, The University of TokyoPascale Zarate, Universit\u00e9 Toulouse 1 Capitole Program Committee Adiel Teixeira de Almeida,\u00a0 Federal University of Pernambuco Amer Obeidi, University of Waterloo Bo Yu, Dalhousie University Bogumi\u0142 Kami\u0144ski, Warsaw School of Economics Danielle [&hellip;]<\/p>\n","protected":false},"author":1,"featured_media":0,"parent":0,"menu_order":0,"comment_status":"closed","ping_status":"closed","template":"","meta":{"footnotes":""},"class_list":["post-12","page","type-page","status-publish","hentry"],"_links":{"self":[{"href":"https:\/\/gdnconference.org\/gdn2023\/wp-json\/wp\/v2\/pages\/12","targetHints":{"allow":["GET"]}}],"collection":[{"href":"https:\/\/gdnconference.org\/gdn2023\/wp-json\/wp\/v2\/pages"}],"about":[{"href":"https:\/\/gdnconference.org\/gdn2023\/wp-json\/wp\/v2\/types\/page"}],"author":[{"embeddable":true,"href":"https:\/\/gdnconference.org\/gdn2023\/wp-json\/wp\/v2\/users\/1"}],"replies":[{"embeddable":true,"href":"https:\/\/gdnconference.org\/gdn2023\/wp-json\/wp\/v2\/comments?post=12"}],"version-history":[{"count":35,"href":"https:\/\/gdnconference.org\/gdn2023\/wp-json\/wp\/v2\/pages\/12\/revisions"}],"predecessor-version":[{"id":1523,"href":"https:\/\/gdnconference.org\/gdn2023\/wp-json\/wp\/v2\/pages\/12\/revisions\/1523"}],"wp:attachment":[{"href":"https:\/\/gdnconference.org\/gdn2023\/wp-json\/wp\/v2\/media?parent=12"}],"curies":[{"name":"wp","href":"https:\/\/api.w.org\/{rel}","templated":true}]}}