{"id":12,"date":"2018-07-04T02:46:17","date_gmt":"2018-07-04T02:46:17","guid":{"rendered":"http:\/\/gdnconference.org\/gdn2021\/?page_id=12"},"modified":"2022-03-08T16:23:58","modified_gmt":"2022-03-08T16:23:58","slug":"committees","status":"publish","type":"page","link":"https:\/\/gdnconference.org\/gdn2022\/committees\/","title":{"rendered":"Committees"},"content":{"rendered":"\t\t<div data-elementor-type=\"wp-post\" data-elementor-id=\"12\" class=\"elementor elementor-12 elementor-bc-flex-widget\">\n\t\t\t\t\t\t<section class=\"elementor-section elementor-top-section elementor-element elementor-element-6a84d39c elementor-section-boxed elementor-section-height-default elementor-section-height-default\" data-id=\"6a84d39c\" data-element_type=\"section\" data-e-type=\"section\">\n\t\t\t\t\t\t<div class=\"elementor-container elementor-column-gap-default\">\n\t\t\t\t\t<div class=\"elementor-column elementor-col-100 elementor-top-column elementor-element elementor-element-4392df2a\" data-id=\"4392df2a\" data-element_type=\"column\" data-e-type=\"column\">\n\t\t\t<div class=\"elementor-widget-wrap elementor-element-populated\">\n\t\t\t\t\t\t<div class=\"elementor-element elementor-element-35890678 elementor-widget elementor-widget-text-editor\" data-id=\"35890678\" data-element_type=\"widget\" data-e-type=\"widget\" data-widget_type=\"text-editor.default\">\n\t\t\t\t<div class=\"elementor-widget-container\">\n\t\t\t\t\t\t\t\t\t<p><span style=\"text-decoration: underline;\"><strong>Honorary\u00a0 Chair<\/strong><\/span><br \/><span style=\"font-family: Roboto, sans-serif; font-style: normal; font-weight: 400;\">Rudolf Vetschera<\/span><\/p><p><span style=\"text-decoration: underline;\"><strong>General Chairs<\/strong><\/span><br \/>Fuad Aleskerov<br \/>Adiel Teixeira de Almeida<br \/><span style=\"font-family: Roboto, sans-serif; font-style: normal; font-weight: 400;\">Liping Fang<\/span><\/p><p><span style=\"text-decoration: underline;\"><strong>Program Chairs<\/strong><\/span><br \/><span style=\"font-family: Roboto, sans-serif; font-style: normal; font-weight: 400;\">Danielle Costa Morais<br \/><\/span>Alexander Lepskiy<\/p><p><span style=\"text-decoration: underline;\"><strong>Program Committee<br \/><\/strong><\/span><\/p><ul><li><span style=\"text-indent: -18pt;\">Melvin F. Shakun<\/span><\/li><li><span style=\"text-indent: -18pt;\"><span style=\"font-size: 12pt;\">Adiel Teixeira de Almeida<\/span><\/span><\/li><li>Amer Obeidi<\/li><li>Bilyana Martinovski<\/li><li>Bo Yu<\/li><li><span style=\"font-family: Roboto, sans-serif; font-style: normal; font-weight: 400; text-indent: -24px;\">Bogumi\u0142 Kami\u0144ski<\/span><\/li><li><p style=\"margin: 0cm 0cm 0.0001pt 18.75pt; text-indent: -18pt; line-height: normal; background-image: initial; background-position: initial; background-size: initial; background-repeat: initial; background-attachment: initial; background-origin: initial; background-clip: initial;\"><span style=\"font-size: 12pt; text-indent: -18pt;\">Danielle Costa Morais<\/span><\/p><\/li><li><p style=\"margin: 0cm 0cm 0.0001pt 18.75pt; text-indent: -18pt; line-height: normal; background-image: initial; background-position: initial; background-size: initial; background-repeat: initial; background-attachment: initial; background-origin: initial; background-clip: initial;\"><span style=\"font-size: 12pt; text-indent: -18pt;\">Ewa Roszkowska<\/span><\/p><\/li><li><p style=\"margin: 0cm 0cm 0.0001pt 18.75pt; text-indent: -18pt; line-height: normal; background-image: initial; background-position: initial; background-size: initial; background-repeat: initial; background-attachment: initial; background-origin: initial; background-clip: initial;\"><span style=\"text-indent: -18pt;\">Fran Ackermann<br \/><\/span><\/p><\/li><li><p style=\"margin: 0cm 0cm 0.0001pt 18.75pt; text-indent: -18pt; line-height: normal; background-image: initial; background-position: initial; background-size: initial; background-repeat: initial; background-attachment: initial; background-origin: initial; background-clip: initial;\"><span style=\"text-indent: -18pt;\">Fuad Aleskerov<br \/><\/span><\/p><\/li><li><p style=\"margin: 0cm 0cm 0.0001pt 18.75pt; text-indent: -18pt; line-height: normal; background-image: initial; background-position: initial; background-size: initial; background-repeat: initial; background-attachment: initial; background-origin: initial; background-clip: initial;\"><span style=\"text-indent: -18pt;\">Gert-Jan de Vreede<\/span><\/p><\/li><li><p style=\"margin: 0cm 0cm 0.0001pt 18.75pt; text-indent: -18pt; line-height: normal; background-image: initial; background-position: initial; background-size: initial; background-repeat: initial; background-attachment: initial; background-origin: initial; background-clip: initial;\"><span style=\"font-size: 12pt; text-indent: -18pt;\">Ginger Ke<\/span><\/p><\/li><li><p style=\"margin: 0cm 0cm 0.0001pt 18.75pt; text-indent: -18pt; line-height: normal; background-image: initial; background-position: initial; background-size: initial; background-repeat: initial; background-attachment: initial; background-origin: initial; background-clip: initial;\">Haiyan Xu<\/p><\/li><li><p style=\"margin: 0cm 0cm 0.0001pt 18.75pt; text-indent: -18pt; line-height: normal; background-image: initial; background-position: initial; background-size: initial; background-repeat: initial; background-attachment: initial; background-origin: initial; background-clip: initial;\"><span style=\"text-indent: -18pt;\">Hannu Nurmi<br \/><\/span><\/p><\/li><li><p style=\"margin: 0cm 0cm 0.0001pt 18.75pt; text-indent: -18pt; line-height: normal; background-image: initial; background-position: initial; background-size: initial; background-repeat: initial; background-attachment: initial; background-origin: initial; background-clip: initial;\"><span style=\"text-indent: -18pt;\">Jo\u00e3o Cl\u00edmaco<br \/><\/span><\/p><\/li><li><p style=\"margin: 0cm 0cm 0.0001pt 18.75pt; text-indent: -18pt; line-height: normal; background-image: initial; background-position: initial; background-size: initial; background-repeat: initial; background-attachment: initial; background-origin: initial; background-clip: initial;\"><span style=\"text-indent: -18pt;\">John Zeleznikow<br \/><\/span><\/p><\/li><li><p style=\"margin: 0cm 0cm 0.0001pt 18.75pt; text-indent: -18pt; line-height: normal; background-image: initial; background-position: initial; background-size: initial; background-repeat: initial; background-attachment: initial; background-origin: initial; background-clip: initial;\"><span style=\"text-indent: -18pt; font-size: 12pt;\">Jos\u00e9 Maria Moreno-Jim\u00e9nez<\/span><\/p><\/li><li><p style=\"margin: 0cm 0cm 0.0001pt 18.75pt; text-indent: -18pt; line-height: normal; background-image: initial; background-position: initial; background-size: initial; background-repeat: initial; background-attachment: initial; background-origin: initial; background-clip: initial;\"><span style=\"font-size: 12pt; text-indent: -18pt;\">Keith Hipel<\/span><\/p><\/li><li><p style=\"margin: 0cm 0cm 0.0001pt 18.75pt; text-indent: -18pt; line-height: normal; background-image: initial; background-position: initial; background-size: initial; background-repeat: initial; background-attachment: initial; background-origin: initial; background-clip: initial;\"><span style=\"font-size: 12pt; text-indent: -18pt;\">Kevin Li<\/span><\/p><\/li><li><p style=\"margin: 0cm 0cm 0.0001pt 18.75pt; text-indent: -18pt; line-height: normal; background-image: initial; background-position: initial; background-size: initial; background-repeat: initial; background-attachment: initial; background-origin: initial; background-clip: initial;\"><span style=\"font-size: 12pt; text-indent: -18pt;\">Liping Fang<\/span><\/p><\/li><li><p style=\"margin: 0cm 0cm 0.0001pt 18.75pt; text-indent: -18pt; line-height: normal; background-image: initial; background-position: initial; background-size: initial; background-repeat: initial; background-attachment: initial; background-origin: initial; background-clip: initial;\"><span style=\"font-size: 12pt; text-indent: -18pt;\">Love Ekenberg<\/span><\/p><\/li><li><p style=\"margin: 0cm 0cm 0.0001pt 18.75pt; text-indent: -18pt; line-height: normal; background-image: initial; background-position: initial; background-size: initial; background-repeat: initial; background-attachment: initial; background-origin: initial; background-clip: initial;\"><span style=\"font-size: 12pt; text-indent: -18pt;\">Luis Dias<\/span><\/p><\/li><li><p style=\"margin: 0cm 0cm 0.0001pt 18.75pt; text-indent: -18pt; line-height: normal; background-image: initial; background-position: initial; background-size: initial; background-repeat: initial; background-attachment: initial; background-origin: initial; background-clip: initial;\"><span style=\"font-size: 12pt; text-indent: -18pt;\">Maisa Mendon\u00e7a<\/span><\/p><\/li><li>Marc Kilgour<\/li><li>Mareike Schoop<\/li><li><p style=\"margin: 0cm 0cm 0.0001pt 18.75pt; text-indent: -18pt; line-height: normal; background-image: initial; background-position: initial; background-size: initial; background-repeat: initial; background-attachment: initial; background-origin: initial; background-clip: initial;\"><span style=\"font-size: 12pt; text-indent: -18pt;\">Masahide Horita<\/span><\/p><\/li><li><p style=\"margin: 0cm 0cm 0.0001pt 18.75pt; text-indent: -18pt; line-height: normal; background-image: initial; background-position: initial; background-size: initial; background-repeat: initial; background-attachment: initial; background-origin: initial; background-clip: initial;\"><span style=\"font-size: 12pt; text-indent: -18pt;\">Pascale Zarate<\/span><\/p><\/li><li><p style=\"margin: 0cm 0cm 0.0001pt 18.75pt; text-indent: -18pt; line-height: normal; background-image: initial; background-position: initial; background-size: initial; background-repeat: initial; background-attachment: initial; background-origin: initial; background-clip: initial;\"><span style=\"font-size: 12pt; text-indent: -18pt;\">Przemyslaw Szufel<\/span><\/p><\/li><li><p style=\"margin: 0cm 0cm 0.0001pt 18.75pt; text-indent: -18pt; line-height: normal; background-image: initial; background-position: initial; background-size: initial; background-repeat: initial; background-attachment: initial; background-origin: initial; background-clip: initial;\">Raimo Hamalainen<\/p><\/li><li><p style=\"margin: 0cm 0cm 0.0001pt 18.75pt; text-indent: -18pt; line-height: normal; background-image: initial; background-position: initial; background-size: initial; background-repeat: initial; background-attachment: initial; background-origin: initial; background-clip: initial;\">Rudolf Vetschera<\/p><\/li><li><p style=\"margin: 0cm 0cm 0.0001pt 18.75pt; text-indent: -18pt; line-height: normal; background-image: initial; background-position: initial; background-size: initial; background-repeat: initial; background-attachment: initial; background-origin: initial; background-clip: initial;\">Rustam Vahidov<\/p><\/li><li><p style=\"margin: 0cm 0cm 0.0001pt 18.75pt; text-indent: -18pt; line-height: normal; background-image: initial; background-position: initial; background-size: initial; background-repeat: initial; background-attachment: initial; background-origin: initial; background-clip: initial;\">Sabine Koeszegi<\/p><\/li><li><p style=\"margin: 0cm 0cm 0.0001pt 18.75pt; text-indent: -18pt; line-height: normal; background-image: initial; background-position: initial; background-size: initial; background-repeat: initial; background-attachment: initial; background-origin: initial; background-clip: initial;\">ShiKui Wu<\/p><\/li><li><p style=\"margin: 0cm 0cm 0.0001pt 18.75pt; text-indent: -18pt; line-height: normal; background-image: initial; background-position: initial; background-size: initial; background-repeat: initial; background-attachment: initial; background-origin: initial; background-clip: initial;\"><span style=\"text-indent: -18pt;\">Tomasz Szapiro<br \/><\/span><\/p><\/li><li><p style=\"margin: 0cm 0cm 0.0001pt 18.75pt; text-indent: -18pt; line-height: normal; background-image: initial; background-position: initial; background-size: initial; background-repeat: initial; background-attachment: initial; background-origin: initial; background-clip: initial;\"><span style=\"text-indent: -18pt;\">Tomasz Wachowicz<br \/><\/span><\/p><\/li><li><p style=\"margin: 0cm 0cm 0.0001pt 18.75pt; text-indent: -18pt; line-height: normal; background-image: initial; background-position: initial; background-size: initial; background-repeat: initial; background-attachment: initial; background-origin: initial; background-clip: initial;\"><span style=\"font-size: 12pt; text-indent: -18pt;\">Tung Bui<\/span><\/p><\/li><li><p style=\"margin: 0cm 0cm 0.0001pt 18.75pt; text-indent: -18pt; line-height: normal; background-image: initial; background-position: initial; background-size: initial; background-repeat: initial; background-attachment: initial; background-origin: initial; background-clip: initial;\"><span style=\"font-size: 12pt; text-indent: -18pt;\">Yufei Yuan<\/span><\/p><\/li><li><p style=\"margin: 0cm 0cm 0.0001pt 18.75pt; text-indent: -18pt; line-height: normal; background-image: initial; background-position: initial; background-size: initial; background-repeat: initial; background-attachment: initial; background-origin: initial; background-clip: initial;\">Jing Ma<\/p><\/li><\/ul>\t\t\t\t\t\t\t\t<\/div>\n\t\t\t\t<\/div>\n\t\t\t\t\t<\/div>\n\t\t<\/div>\n\t\t\t\t\t<\/div>\n\t\t<\/section>\n\t\t\t\t<\/div>\n\t\t","protected":false},"excerpt":{"rendered":"<p>Honorary\u00a0 ChairRudolf Vetschera General ChairsFuad AleskerovAdiel Teixeira de AlmeidaLiping Fang Program ChairsDanielle Costa MoraisAlexander Lepskiy Program Committee Melvin F. Shakun Adiel Teixeira de Almeida Amer Obeidi Bilyana Martinovski Bo Yu Bogumi\u0142 Kami\u0144ski Danielle Costa Morais Ewa Roszkowska Fran Ackermann Fuad Aleskerov Gert-Jan de Vreede Ginger Ke Haiyan Xu Hannu Nurmi Jo\u00e3o Cl\u00edmaco John Zeleznikow Jos\u00e9 [&hellip;]<\/p>\n","protected":false},"author":1,"featured_media":0,"parent":0,"menu_order":0,"comment_status":"closed","ping_status":"closed","template":"","meta":{"footnotes":""},"class_list":["post-12","page","type-page","status-publish","hentry"],"_links":{"self":[{"href":"https:\/\/gdnconference.org\/gdn2022\/wp-json\/wp\/v2\/pages\/12","targetHints":{"allow":["GET"]}}],"collection":[{"href":"https:\/\/gdnconference.org\/gdn2022\/wp-json\/wp\/v2\/pages"}],"about":[{"href":"https:\/\/gdnconference.org\/gdn2022\/wp-json\/wp\/v2\/types\/page"}],"author":[{"embeddable":true,"href":"https:\/\/gdnconference.org\/gdn2022\/wp-json\/wp\/v2\/users\/1"}],"replies":[{"embeddable":true,"href":"https:\/\/gdnconference.org\/gdn2022\/wp-json\/wp\/v2\/comments?post=12"}],"version-history":[{"count":9,"href":"https:\/\/gdnconference.org\/gdn2022\/wp-json\/wp\/v2\/pages\/12\/revisions"}],"predecessor-version":[{"id":1009,"href":"https:\/\/gdnconference.org\/gdn2022\/wp-json\/wp\/v2\/pages\/12\/revisions\/1009"}],"wp:attachment":[{"href":"https:\/\/gdnconference.org\/gdn2022\/wp-json\/wp\/v2\/media?parent=12"}],"curies":[{"name":"wp","href":"https:\/\/api.w.org\/{rel}","templated":true}]}}